{"id":2602,"date":"2020-05-07T12:56:54","date_gmt":"2020-05-07T17:56:54","guid":{"rendered":"http:\/\/galcoa.com\/?page_id=2602"},"modified":"2020-07-02T16:22:50","modified_gmt":"2020-07-02T21:22:50","slug":"mas-informacion-sobre-nuestro-plan-comercial","status":"publish","type":"page","link":"https:\/\/galcoa.com\/en\/mas-informacion-sobre-nuestro-plan-comercial\/","title":{"rendered":"M\u00e1s informaci\u00f3n sobre nuestro Plan Comercial"},"content":{"rendered":"<div data-elementor-type=\"wp-page\" data-elementor-id=\"2602\" class=\"elementor elementor-2602\">\n\t\t\t\t\t\t<section class=\"elementor-section elementor-top-section elementor-element elementor-element-1335909 elementor-section-full_width elementor-section-height-default elementor-section-height-default\" data-id=\"1335909\" data-element_type=\"section\" data-e-type=\"section\" data-settings=\"{&quot;background_background&quot;:&quot;classic&quot;}\">\n\t\t\t\t\t\t<div class=\"elementor-container elementor-column-gap-default\">\n\t\t\t\t\t<div class=\"elementor-column elementor-col-50 elementor-top-column elementor-element elementor-element-1ce722a\" data-id=\"1ce722a\" data-element_type=\"column\" data-e-type=\"column\" data-settings=\"{&quot;background_background&quot;:&quot;classic&quot;}\">\n\t\t\t<div class=\"elementor-widget-wrap elementor-element-populated\">\n\t\t\t\t\t\t<div class=\"elementor-element elementor-element-0e3e875 everleigh-no-bottom elementor-widget elementor-widget-heading\" data-id=\"0e3e875\" data-element_type=\"widget\" data-e-type=\"widget\" data-widget_type=\"heading.default\">\n\t\t\t\t<div class=\"elementor-widget-container\">\n\t\t\t\t\t<h1 class=\"elementor-heading-title elementor-size-default\">CONOCE M\u00c1S SOBRE NUESTRO PLAN COMERCIAL<\/h1>\t\t\t\t<\/div>\n\t\t\t\t<\/div>\n\t\t\t\t<div class=\"elementor-element elementor-element-5ef5a2b everleigh-no-bottom-p elementor-widget elementor-widget-text-editor\" data-id=\"5ef5a2b\" data-element_type=\"widget\" data-e-type=\"widget\" data-widget_type=\"text-editor.default\">\n\t\t\t\t<div class=\"elementor-widget-container\">\n\t\t\t\t\t\t\t\t\t<p>Our project portfolio has advantages over other options that already exist in the country.<\/p>\t\t\t\t\t\t\t\t<\/div>\n\t\t\t\t<\/div>\n\t\t\t\t\t<\/div>\n\t\t<\/div>\n\t\t\t\t<div class=\"elementor-column elementor-col-50 elementor-top-column elementor-element elementor-element-9a6ad80\" data-id=\"9a6ad80\" data-element_type=\"column\" data-e-type=\"column\">\n\t\t\t<div class=\"elementor-widget-wrap\">\n\t\t\t\t\t\t\t<\/div>\n\t\t<\/div>\n\t\t\t\t\t<\/div>\n\t\t<\/section>\n\t\t\t\t<section class=\"elementor-section elementor-top-section elementor-element elementor-element-1a6586e elementor-section-boxed elementor-section-height-default elementor-section-height-default\" data-id=\"1a6586e\" data-element_type=\"section\" data-e-type=\"section\">\n\t\t\t\t\t\t<div class=\"elementor-container elementor-column-gap-default\">\n\t\t\t\t\t<div class=\"elementor-column elementor-col-33 elementor-top-column elementor-element elementor-element-ab1bd85\" data-id=\"ab1bd85\" data-element_type=\"column\" data-e-type=\"column\">\n\t\t\t<div class=\"elementor-widget-wrap\">\n\t\t\t\t\t\t\t<\/div>\n\t\t<\/div>\n\t\t\t\t<div class=\"elementor-column elementor-col-33 elementor-top-column elementor-element elementor-element-094b3c8\" data-id=\"094b3c8\" data-element_type=\"column\" data-e-type=\"column\">\n\t\t\t<div class=\"elementor-widget-wrap elementor-element-populated\">\n\t\t\t\t\t\t<div class=\"elementor-element elementor-element-786548c elementor-widget elementor-widget-spacer\" data-id=\"786548c\" data-element_type=\"widget\" data-e-type=\"widget\" data-widget_type=\"spacer.default\">\n\t\t\t\t<div class=\"elementor-widget-container\">\n\t\t\t\t\t\t\t<div class=\"elementor-spacer\">\n\t\t\t<div class=\"elementor-spacer-inner\"><\/div>\n\t\t<\/div>\n\t\t\t\t\t\t<\/div>\n\t\t\t\t<\/div>\n\t\t\t\t<div class=\"elementor-element elementor-element-7a6b772 elementor-widget elementor-widget-text-editor\" data-id=\"7a6b772\" data-element_type=\"widget\" data-e-type=\"widget\" data-widget_type=\"text-editor.default\">\n\t\t\t\t<div class=\"elementor-widget-container\">\n\t\t\t\t\t\t\t\t\t<h5>Complete el formulario y nos pondremos en contacto a la brevedad.<\/h5>\t\t\t\t\t\t\t\t<\/div>\n\t\t\t\t<\/div>\n\t\t\t\t<div class=\"elementor-element elementor-element-5174e09 elementor-widget elementor-widget-shortcode\" data-id=\"5174e09\" data-element_type=\"widget\" data-e-type=\"widget\" data-widget_type=\"shortcode.default\">\n\t\t\t\t<div class=\"elementor-widget-container\">\n\t\t\t\t\t\t\t<div class=\"elementor-shortcode\"><p class=\"wpcf7-contact-form-not-found\"><strong>Error:<\/strong> Contact form not found.<\/p><\/div>\n\t\t\t\t\t\t<\/div>\n\t\t\t\t<\/div>\n\t\t\t\t\t<\/div>\n\t\t<\/div>\n\t\t\t\t<div class=\"elementor-column elementor-col-33 elementor-top-column elementor-element elementor-element-1deae37\" data-id=\"1deae37\" data-element_type=\"column\" data-e-type=\"column\">\n\t\t\t<div class=\"elementor-widget-wrap\">\n\t\t\t\t\t\t\t<\/div>\n\t\t<\/div>\n\t\t\t\t\t<\/div>\n\t\t<\/section>\n\t\t\t\t<\/div>","protected":false},"excerpt":{"rendered":"<p>CONOCE M\u00c1S SOBRE NUESTRO PLAN COMERCIAL Nuestro portafolio de proyectos tiene ventajas sobre otras opciones que ya existen en el pa\u00eds. Complete el formulario y nos pondremos en contacto a la brevedad.<\/p>","protected":false},"author":2,"featured_media":0,"parent":0,"menu_order":0,"comment_status":"closed","ping_status":"closed","template":"page-elementor.php","meta":{"nf_dc_page":"","footnotes":""},"class_list":["post-2602","page","type-page","status-publish","hentry"],"yoast_head":"<!-- This site is optimized with the Yoast SEO plugin v27.4 - https:\/\/yoast.com\/product\/yoast-seo-wordpress\/ -->\n<title>M\u00e1s informaci\u00f3n sobre nuestro Plan Comercial - GALCOA<\/title>\n<meta name=\"robots\" content=\"index, follow, max-snippet:-1, max-image-preview:large, max-video-preview:-1\" \/>\n<link rel=\"canonical\" href=\"https:\/\/galcoa.com\/en\/mas-informacion-sobre-nuestro-plan-comercial\/\" \/>\n<meta property=\"og:locale\" content=\"en_US\" \/>\n<meta property=\"og:type\" content=\"article\" \/>\n<meta property=\"og:title\" content=\"M\u00e1s informaci\u00f3n sobre nuestro Plan Comercial - GALCOA\" \/>\n<meta property=\"og:description\" content=\"CONOCE M\u00c1S SOBRE NUESTRO PLAN COMERCIAL Nuestro portafolio de proyectos tiene ventajas sobre otras opciones que ya existen en el pa\u00eds. Complete el formulario y nos pondremos en contacto a la brevedad.\" \/>\n<meta property=\"og:url\" content=\"https:\/\/galcoa.com\/en\/mas-informacion-sobre-nuestro-plan-comercial\/\" \/>\n<meta property=\"og:site_name\" content=\"GALCOA\" \/>\n<meta property=\"article:modified_time\" content=\"2020-07-02T21:22:50+00:00\" \/>\n<meta name=\"twitter:card\" content=\"summary_large_image\" \/>\n<script type=\"application\/ld+json\" class=\"yoast-schema-graph\">{\"@context\":\"https:\\\/\\\/schema.org\",\"@graph\":[{\"@type\":\"WebPage\",\"@id\":\"https:\\\/\\\/galcoa.com\\\/mas-informacion-sobre-nuestro-plan-comercial\\\/\",\"url\":\"https:\\\/\\\/galcoa.com\\\/mas-informacion-sobre-nuestro-plan-comercial\\\/\",\"name\":\"M\u00e1s informaci\u00f3n sobre nuestro Plan Comercial - GALCOA\",\"isPartOf\":{\"@id\":\"https:\\\/\\\/galcoa.com\\\/#website\"},\"datePublished\":\"2020-05-07T17:56:54+00:00\",\"dateModified\":\"2020-07-02T21:22:50+00:00\",\"breadcrumb\":{\"@id\":\"https:\\\/\\\/galcoa.com\\\/mas-informacion-sobre-nuestro-plan-comercial\\\/#breadcrumb\"},\"inLanguage\":\"en-US\",\"potentialAction\":[{\"@type\":\"ReadAction\",\"target\":[\"https:\\\/\\\/galcoa.com\\\/mas-informacion-sobre-nuestro-plan-comercial\\\/\"]}]},{\"@type\":\"BreadcrumbList\",\"@id\":\"https:\\\/\\\/galcoa.com\\\/mas-informacion-sobre-nuestro-plan-comercial\\\/#breadcrumb\",\"itemListElement\":[{\"@type\":\"ListItem\",\"position\":1,\"name\":\"Inicio\",\"item\":\"https:\\\/\\\/galcoa.com\\\/\"},{\"@type\":\"ListItem\",\"position\":2,\"name\":\"M\u00e1s informaci\u00f3n sobre nuestro Plan Comercial\"}]},{\"@type\":\"WebSite\",\"@id\":\"https:\\\/\\\/galcoa.com\\\/#website\",\"url\":\"https:\\\/\\\/galcoa.com\\\/\",\"name\":\"GALCOA\",\"description\":\"\",\"potentialAction\":[{\"@type\":\"SearchAction\",\"target\":{\"@type\":\"EntryPoint\",\"urlTemplate\":\"https:\\\/\\\/galcoa.com\\\/?s={search_term_string}\"},\"query-input\":{\"@type\":\"PropertyValueSpecification\",\"valueRequired\":true,\"valueName\":\"search_term_string\"}}],\"inLanguage\":\"en-US\"}]}<\/script>\n<!-- \/ Yoast SEO plugin. -->","yoast_head_json":{"title":"M\u00e1s informaci\u00f3n sobre nuestro Plan Comercial - GALCOA","robots":{"index":"index","follow":"follow","max-snippet":"max-snippet:-1","max-image-preview":"max-image-preview:large","max-video-preview":"max-video-preview:-1"},"canonical":"https:\/\/galcoa.com\/en\/mas-informacion-sobre-nuestro-plan-comercial\/","og_locale":"en_US","og_type":"article","og_title":"M\u00e1s informaci\u00f3n sobre nuestro Plan Comercial - GALCOA","og_description":"CONOCE M\u00c1S SOBRE NUESTRO PLAN COMERCIAL Nuestro portafolio de proyectos tiene ventajas sobre otras opciones que ya existen en el pa\u00eds. Complete el formulario y nos pondremos en contacto a la brevedad.","og_url":"https:\/\/galcoa.com\/en\/mas-informacion-sobre-nuestro-plan-comercial\/","og_site_name":"GALCOA","article_modified_time":"2020-07-02T21:22:50+00:00","twitter_card":"summary_large_image","schema":{"@context":"https:\/\/schema.org","@graph":[{"@type":"WebPage","@id":"https:\/\/galcoa.com\/mas-informacion-sobre-nuestro-plan-comercial\/","url":"https:\/\/galcoa.com\/mas-informacion-sobre-nuestro-plan-comercial\/","name":"M\u00e1s informaci\u00f3n sobre nuestro Plan Comercial - GALCOA","isPartOf":{"@id":"https:\/\/galcoa.com\/#website"},"datePublished":"2020-05-07T17:56:54+00:00","dateModified":"2020-07-02T21:22:50+00:00","breadcrumb":{"@id":"https:\/\/galcoa.com\/mas-informacion-sobre-nuestro-plan-comercial\/#breadcrumb"},"inLanguage":"en-US","potentialAction":[{"@type":"ReadAction","target":["https:\/\/galcoa.com\/mas-informacion-sobre-nuestro-plan-comercial\/"]}]},{"@type":"BreadcrumbList","@id":"https:\/\/galcoa.com\/mas-informacion-sobre-nuestro-plan-comercial\/#breadcrumb","itemListElement":[{"@type":"ListItem","position":1,"name":"Inicio","item":"https:\/\/galcoa.com\/"},{"@type":"ListItem","position":2,"name":"M\u00e1s informaci\u00f3n sobre nuestro Plan Comercial"}]},{"@type":"WebSite","@id":"https:\/\/galcoa.com\/#website","url":"https:\/\/galcoa.com\/","name":"GALCOA","description":"","potentialAction":[{"@type":"SearchAction","target":{"@type":"EntryPoint","urlTemplate":"https:\/\/galcoa.com\/?s={search_term_string}"},"query-input":{"@type":"PropertyValueSpecification","valueRequired":true,"valueName":"search_term_string"}}],"inLanguage":"en-US"}]}},"_links":{"self":[{"href":"https:\/\/galcoa.com\/en\/wp-json\/wp\/v2\/pages\/2602","targetHints":{"allow":["GET"]}}],"collection":[{"href":"https:\/\/galcoa.com\/en\/wp-json\/wp\/v2\/pages"}],"about":[{"href":"https:\/\/galcoa.com\/en\/wp-json\/wp\/v2\/types\/page"}],"author":[{"embeddable":true,"href":"https:\/\/galcoa.com\/en\/wp-json\/wp\/v2\/users\/2"}],"replies":[{"embeddable":true,"href":"https:\/\/galcoa.com\/en\/wp-json\/wp\/v2\/comments?post=2602"}],"version-history":[{"count":5,"href":"https:\/\/galcoa.com\/en\/wp-json\/wp\/v2\/pages\/2602\/revisions"}],"predecessor-version":[{"id":2825,"href":"https:\/\/galcoa.com\/en\/wp-json\/wp\/v2\/pages\/2602\/revisions\/2825"}],"wp:attachment":[{"href":"https:\/\/galcoa.com\/en\/wp-json\/wp\/v2\/media?parent=2602"}],"curies":[{"name":"wp","href":"https:\/\/api.w.org\/{rel}","templated":true}]}}