{"id":2420,"date":"2020-04-16T09:00:55","date_gmt":"2020-04-16T14:00:55","guid":{"rendered":"http:\/\/galcoa.com\/?page_id=2420"},"modified":"2021-01-21T17:55:55","modified_gmt":"2021-01-21T23:55:55","slug":"galcoa-servicios","status":"publish","type":"page","link":"https:\/\/galcoa.com\/en\/galcoa-servicios\/","title":{"rendered":"Galcoa Servicios"},"content":{"rendered":"<div data-elementor-type=\"wp-page\" data-elementor-id=\"2420\" class=\"elementor elementor-2420\">\n\t\t\t\t\t\t<section class=\"elementor-section elementor-top-section elementor-element elementor-element-1335909 elementor-section-full_width elementor-section-height-default elementor-section-height-default\" data-id=\"1335909\" data-element_type=\"section\" data-e-type=\"section\" data-settings=\"{&quot;background_background&quot;:&quot;classic&quot;}\">\n\t\t\t\t\t\t<div class=\"elementor-container elementor-column-gap-default\">\n\t\t\t\t\t<div class=\"elementor-column elementor-col-50 elementor-top-column elementor-element elementor-element-1ce722a\" data-id=\"1ce722a\" data-element_type=\"column\" data-e-type=\"column\" data-settings=\"{&quot;background_background&quot;:&quot;classic&quot;}\">\n\t\t\t<div class=\"elementor-widget-wrap elementor-element-populated\">\n\t\t\t\t\t\t<div class=\"elementor-element elementor-element-0e3e875 everleigh-no-bottom elementor-widget elementor-widget-heading\" data-id=\"0e3e875\" data-element_type=\"widget\" data-e-type=\"widget\" data-widget_type=\"heading.default\">\n\t\t\t\t<div class=\"elementor-widget-container\">\n\t\t\t\t\t<h1 class=\"elementor-heading-title elementor-size-default\">OUR SERVICES<\/h1>\t\t\t\t<\/div>\n\t\t\t\t<\/div>\n\t\t\t\t<div class=\"elementor-element elementor-element-5ef5a2b everleigh-no-bottom-p elementor-widget elementor-widget-text-editor\" data-id=\"5ef5a2b\" data-element_type=\"widget\" data-e-type=\"widget\" data-widget_type=\"text-editor.default\">\n\t\t\t\t<div class=\"elementor-widget-container\">\n\t\t\t\t\t\t\t\t\t<p>Our project portfolio has advantages over other options that already exist in the country.<\/p><p>Our country is the seventh largest consumer in the world and one of the most important importers in North America. However, in many regions, it is necessary to increase the storage capacity of fuels to guarantee a sufficient supply for users.<\/p>\t\t\t\t\t\t\t\t<\/div>\n\t\t\t\t<\/div>\n\t\t\t\t\t<\/div>\n\t\t<\/div>\n\t\t\t\t<div class=\"elementor-column elementor-col-50 elementor-top-column elementor-element elementor-element-9a6ad80\" data-id=\"9a6ad80\" data-element_type=\"column\" data-e-type=\"column\">\n\t\t\t<div class=\"elementor-widget-wrap\">\n\t\t\t\t\t\t\t<\/div>\n\t\t<\/div>\n\t\t\t\t\t<\/div>\n\t\t<\/section>\n\t\t\t\t<section class=\"elementor-section elementor-top-section elementor-element elementor-element-cb7604d elementor-section-boxed elementor-section-height-default elementor-section-height-default\" data-id=\"cb7604d\" data-element_type=\"section\" data-e-type=\"section\">\n\t\t\t\t\t\t<div class=\"elementor-container elementor-column-gap-extended\">\n\t\t\t\t\t<div class=\"elementor-column elementor-col-33 elementor-top-column elementor-element elementor-element-93a613c\" data-id=\"93a613c\" data-element_type=\"column\" data-e-type=\"column\">\n\t\t\t<div class=\"elementor-widget-wrap elementor-element-populated\">\n\t\t\t\t\t\t<div class=\"elementor-element elementor-element-cf42833 elementor-widget elementor-widget-image\" data-id=\"cf42833\" data-element_type=\"widget\" data-e-type=\"widget\" data-widget_type=\"image.default\">\n\t\t\t\t<div class=\"elementor-widget-container\">\n\t\t\t\t\t\t\t\t\t\t\t\t\t\t\t<img decoding=\"async\" src=\"https:\/\/galcoa.com\/wp-content\/uploads\/elementor\/thumbs\/galca-energy-tren-2-puwd0vs966ppmteyisemdyequ7pkqyanzs17qb4szc.jpg\" title=\"\" alt=\"\" loading=\"lazy\" \/>\t\t\t\t\t\t\t\t\t\t\t\t\t\t\t<\/div>\n\t\t\t\t<\/div>\n\t\t\t\t<div class=\"elementor-element elementor-element-eacb56d everleigh-no-bottom-p elementor-widget elementor-widget-text-editor\" data-id=\"eacb56d\" data-element_type=\"widget\" data-e-type=\"widget\" data-widget_type=\"text-editor.default\">\n\t\t\t\t<div class=\"elementor-widget-container\">\n\t\t\t\t\t\t\t\t\t<h5>LOGISTICS<\/h5><p>In partnership with Mexico's leader logistics services, we can offer integrated logistics. Our capabilities allow us to achieve best-in-class service at very competitive prices.<\/p>\t\t\t\t\t\t\t\t<\/div>\n\t\t\t\t<\/div>\n\t\t\t\t\t<\/div>\n\t\t<\/div>\n\t\t\t\t<div class=\"elementor-column elementor-col-33 elementor-top-column elementor-element elementor-element-758ac9e\" data-id=\"758ac9e\" data-element_type=\"column\" data-e-type=\"column\">\n\t\t\t<div class=\"elementor-widget-wrap elementor-element-populated\">\n\t\t\t\t\t\t<div class=\"elementor-element elementor-element-83f0c32 elementor-widget elementor-widget-image\" data-id=\"83f0c32\" data-element_type=\"widget\" data-e-type=\"widget\" data-widget_type=\"image.default\">\n\t\t\t\t<div class=\"elementor-widget-container\">\n\t\t\t\t\t\t\t\t\t\t\t\t\t\t\t<img decoding=\"async\" src=\"https:\/\/galcoa.com\/wp-content\/uploads\/elementor\/thumbs\/galca-energy-transporte-2-puwd06em1nqyxcftmzfp0mtast6nz4hwwaf3ru6fnc.jpg\" title=\"\" alt=\"\" loading=\"lazy\" \/>\t\t\t\t\t\t\t\t\t\t\t\t\t\t\t<\/div>\n\t\t\t\t<\/div>\n\t\t\t\t<div class=\"elementor-element elementor-element-6eec5b9 everleigh-no-bottom-p elementor-widget elementor-widget-text-editor\" data-id=\"6eec5b9\" data-element_type=\"widget\" data-e-type=\"widget\" data-widget_type=\"text-editor.default\">\n\t\t\t\t<div class=\"elementor-widget-container\">\n\t\t\t\t\t\t\t\t\t<h5>TRANSFER<\/h5><p>From the beginning we can provide fueling services in several of our portfolio locations, allowing customers to benefit from our logistics services and serve important markets in Mexico.<\/p>\t\t\t\t\t\t\t\t<\/div>\n\t\t\t\t<\/div>\n\t\t\t\t\t<\/div>\n\t\t<\/div>\n\t\t\t\t<div class=\"elementor-column elementor-col-33 elementor-top-column elementor-element elementor-element-c310f45\" data-id=\"c310f45\" data-element_type=\"column\" data-e-type=\"column\">\n\t\t\t<div class=\"elementor-widget-wrap elementor-element-populated\">\n\t\t\t\t\t\t<div class=\"elementor-element elementor-element-af6c2fd elementor-widget elementor-widget-image\" data-id=\"af6c2fd\" data-element_type=\"widget\" data-e-type=\"widget\" data-widget_type=\"image.default\">\n\t\t\t\t<div class=\"elementor-widget-container\">\n\t\t\t\t\t\t\t\t\t\t\t\t\t\t\t<img decoding=\"async\" src=\"https:\/\/galcoa.com\/wp-content\/uploads\/elementor\/thumbs\/galca-energy-almacenamiento-puwd0nbpgoe4qbr8w6qz9ijlhqv9tod2ym5uethcjc.jpg\" title=\"\" alt=\"\" loading=\"lazy\" \/>\t\t\t\t\t\t\t\t\t\t\t\t\t\t\t<\/div>\n\t\t\t\t<\/div>\n\t\t\t\t<div class=\"elementor-element elementor-element-c2a6150 everleigh-no-bottom-p elementor-widget elementor-widget-text-editor\" data-id=\"c2a6150\" data-element_type=\"widget\" data-e-type=\"widget\" data-widget_type=\"text-editor.default\">\n\t\t\t\t<div class=\"elementor-widget-container\">\n\t\t\t\t\t\t\t\t\t<h5>STORAGE<\/h5>\n<p>Our main objective is to develop a wide range of fuel storage terminals in Mexico in the form of integrated terminal systems. The unique integration of logistics and terminal interconnection positions us as a pioneer in the industry.<\/p>\t\t\t\t\t\t\t\t<\/div>\n\t\t\t\t<\/div>\n\t\t\t\t<div class=\"elementor-element elementor-element-0c91d9a elementor-widget elementor-widget-menu-anchor\" data-id=\"0c91d9a\" data-element_type=\"widget\" data-e-type=\"widget\" data-widget_type=\"menu-anchor.default\">\n\t\t\t\t<div class=\"elementor-widget-container\">\n\t\t\t\t\t\t\t<div class=\"elementor-menu-anchor\" id=\"ventajas\"><\/div>\n\t\t\t\t\t\t<\/div>\n\t\t\t\t<\/div>\n\t\t\t\t\t<\/div>\n\t\t<\/div>\n\t\t\t\t\t<\/div>\n\t\t<\/section>\n\t\t\t\t<section class=\"elementor-section elementor-top-section elementor-element elementor-element-21b83ea elementor-section-boxed elementor-section-height-default elementor-section-height-default\" data-id=\"21b83ea\" data-element_type=\"section\" data-e-type=\"section\">\n\t\t\t\t\t\t<div class=\"elementor-container elementor-column-gap-default\">\n\t\t\t\t\t<div class=\"elementor-column elementor-col-50 elementor-top-column elementor-element elementor-element-1586c43\" data-id=\"1586c43\" data-element_type=\"column\" data-e-type=\"column\">\n\t\t\t<div class=\"elementor-widget-wrap elementor-element-populated\">\n\t\t\t\t\t\t<div class=\"elementor-element elementor-element-a57e877 elementor-widget elementor-widget-image\" data-id=\"a57e877\" data-element_type=\"widget\" data-e-type=\"widget\" data-widget_type=\"image.default\">\n\t\t\t\t<div class=\"elementor-widget-container\">\n\t\t\t\t\t\t\t\t\t\t\t\t\t\t\t<img decoding=\"async\" src=\"https:\/\/galcoa.com\/wp-content\/uploads\/elementor\/thumbs\/galca_024_XL-puwda2njnfpndckf3q26p6y47ee9tccw13x56sitd4.jpg\" title=\"Oil storage tanks\" alt=\"Oil storage tanks\" loading=\"lazy\" \/>\t\t\t\t\t\t\t\t\t\t\t\t\t\t\t<\/div>\n\t\t\t\t<\/div>\n\t\t\t\t\t<\/div>\n\t\t<\/div>\n\t\t\t\t<div class=\"elementor-column elementor-col-50 elementor-top-column elementor-element elementor-element-f59640f\" data-id=\"f59640f\" data-element_type=\"column\" data-e-type=\"column\">\n\t\t\t<div class=\"elementor-widget-wrap elementor-element-populated\">\n\t\t\t\t\t\t<div class=\"elementor-element elementor-element-63540d4 elementor-widget elementor-widget-text-editor\" data-id=\"63540d4\" data-element_type=\"widget\" data-e-type=\"widget\" data-widget_type=\"text-editor.default\">\n\t\t\t\t<div class=\"elementor-widget-container\">\n\t\t\t\t\t\t\t\t\t<p><span style=\"font-size: 18pt;\"><strong>OUR ADVANTAGES<\/strong><\/span><\/p><ul><li>Efficient costs due to economies of scale, systems integration and competitive logistics costs.<\/li><\/ul><ul><li>Reliability and commercial value: maximum supply flexibility in most of the project portfolio terminals (train, pipes, ships and pipelines).<\/li><\/ul><ul><li>Attractive locations: strategic storage locations in densely populated regions within the country.<\/li><li>Positive value: most of the land is suitable for expansion in the short term, if the market requires it.<\/li><\/ul>\t\t\t\t\t\t\t\t<\/div>\n\t\t\t\t<\/div>\n\t\t\t\t\t<\/div>\n\t\t<\/div>\n\t\t\t\t\t<\/div>\n\t\t<\/section>\n\t\t\t\t<section class=\"elementor-section elementor-top-section elementor-element elementor-element-4161729 elementor-section-content-top elementor-section-boxed elementor-section-height-default elementor-section-height-default\" data-id=\"4161729\" data-element_type=\"section\" data-e-type=\"section\" data-settings=\"{&quot;background_background&quot;:&quot;classic&quot;}\">\n\t\t\t\t\t\t<div class=\"elementor-container elementor-column-gap-default\">\n\t\t\t\t\t<div class=\"elementor-column elementor-col-33 elementor-top-column elementor-element elementor-element-9e57ffd\" data-id=\"9e57ffd\" data-element_type=\"column\" data-e-type=\"column\">\n\t\t\t<div class=\"elementor-widget-wrap elementor-element-populated\">\n\t\t\t\t\t\t<section class=\"elementor-section elementor-inner-section elementor-element elementor-element-15e48b8 elementor-section-content-top elementor-section-boxed elementor-section-height-default elementor-section-height-default\" data-id=\"15e48b8\" data-element_type=\"section\" data-e-type=\"section\">\n\t\t\t\t\t\t<div class=\"elementor-container elementor-column-gap-default\">\n\t\t\t\t\t<div class=\"elementor-column elementor-col-50 elementor-inner-column elementor-element elementor-element-df44ee3\" data-id=\"df44ee3\" data-element_type=\"column\" data-e-type=\"column\">\n\t\t\t<div class=\"elementor-widget-wrap elementor-element-populated\">\n\t\t\t\t\t\t<div class=\"elementor-element elementor-element-77272d1 elementor-widget elementor-widget-text-editor\" data-id=\"77272d1\" data-element_type=\"widget\" data-e-type=\"widget\" data-widget_type=\"text-editor.default\">\n\t\t\t\t<div class=\"elementor-widget-container\">\n\t\t\t\t\t\t\t\t\t<h5><span style=\"color: #99cc00;\"><span style=\"font-size: 10pt;\">SHORTCUTS<\/span><\/span><\/h5><p><span style=\"color: #ffffff;\"><a style=\"color: #ffffff;\" href=\"https:\/\/galcoa.com\/en\/aviso-de-privacidad\/\" target=\"_blank\" rel=\"noopener\"><span style=\"font-size: 8pt;\">Privacy<\/span><\/a><\/span><\/p><p><span style=\"font-size: 8pt; color: #ffffff;\"><a style=\"color: #ffffff;\" href=\"https:\/\/galcoa.com\/en\/galcoa-nosotros\/\">Who are we?<\/a><\/span><\/p>\t\t\t\t\t\t\t\t<\/div>\n\t\t\t\t<\/div>\n\t\t\t\t\t<\/div>\n\t\t<\/div>\n\t\t\t\t<div class=\"elementor-column elementor-col-50 elementor-inner-column elementor-element elementor-element-7f2101a\" data-id=\"7f2101a\" data-element_type=\"column\" data-e-type=\"column\">\n\t\t\t<div class=\"elementor-widget-wrap elementor-element-populated\">\n\t\t\t\t\t\t<div class=\"elementor-element elementor-element-9542519 elementor-widget elementor-widget-text-editor\" data-id=\"9542519\" data-element_type=\"widget\" data-e-type=\"widget\" data-widget_type=\"text-editor.default\">\n\t\t\t\t<div class=\"elementor-widget-container\">\n\t\t\t\t\t\t\t\t\t<h5><span style=\"color: #99cc00;\"><span style=\"font-size: 10pt;\">OTHER<\/span><span style=\"font-size: 10pt;\"> WEBSITES<\/span><\/span><\/h5><p><span style=\"color: #ffffff;\"><a style=\"color: #ffffff;\" href=\"http:\/\/galcaenergy.com\" target=\"_blank\" rel=\"noopener\"><span style=\"font-size: 8pt;\">GALCA ENERGY<\/span><\/a><\/span><\/p><p><span style=\"color: #ffffff;\"><a style=\"color: #ffffff;\" href=\"https:\/\/galcapower.com\" target=\"_blank\" rel=\"noopener\"><span style=\"font-size: 8pt;\">GALCA POWER<\/span><\/a><\/span><\/p><p><span style=\"color: #ffffff;\"><a style=\"color: #ffffff;\" href=\"http:\/\/GALCOIL.com\" target=\"_blank\" rel=\"noopener\"><span style=\"font-size: 8pt;\">GALCOIL<\/span><\/a><\/span><\/p><p><span style=\"color: #ffffff;\"><a style=\"color: #ffffff;\" href=\"https:\/\/galcaexploracionyproduccion.com\"><span style=\"font-size: 8pt;\">EXPLORACI\u00d3N Y PRODUCCI\u00d3N<\/span><\/a><\/span><\/p><p><span style=\"color: #ffffff;\"><a style=\"color: #ffffff;\" href=\"https:\/\/galcaconsulting.com\" target=\"_blank\" rel=\"noopener\"><span style=\"font-size: 8pt;\">GALCA CONSULTING<\/span><\/a><\/span><\/p>\t\t\t\t\t\t\t\t<\/div>\n\t\t\t\t<\/div>\n\t\t\t\t\t<\/div>\n\t\t<\/div>\n\t\t\t\t\t<\/div>\n\t\t<\/section>\n\t\t\t\t\t<\/div>\n\t\t<\/div>\n\t\t\t\t<div class=\"elementor-column elementor-col-33 elementor-top-column elementor-element elementor-element-dc44bf9\" data-id=\"dc44bf9\" data-element_type=\"column\" data-e-type=\"column\">\n\t\t\t<div class=\"elementor-widget-wrap elementor-element-populated\">\n\t\t\t\t\t\t<div class=\"elementor-element elementor-element-16a77ff elementor-hidden-desktop elementor-hidden-tablet elementor-hidden-phone elementor-widget elementor-widget-text-editor\" data-id=\"16a77ff\" data-element_type=\"widget\" data-e-type=\"widget\" data-widget_type=\"text-editor.default\">\n\t\t\t\t<div class=\"elementor-widget-container\">\n\t\t\t\t\t\t\t\t\t<p><span style=\"font-size: 8pt;\"><strong>GALCA ENERGY, S.A.P.I. DE C.V.<\/strong><\/span><br \/><span style=\"font-size: 8pt;\">HEGEL 512, COL. POLANCO V SECCI\u00d3N<\/span><br \/><span style=\"font-size: 8pt;\">ALCALD\u00cdA MIGUEL HIDALGO<\/span><br \/><span style=\"font-size: 8pt;\">CIUDAD DE M\u00c9XICO, C.P. 11550<\/span><\/p>\t\t\t\t\t\t\t\t<\/div>\n\t\t\t\t<\/div>\n\t\t\t\t\t<\/div>\n\t\t<\/div>\n\t\t\t\t<div class=\"elementor-column elementor-col-33 elementor-top-column elementor-element elementor-element-0d77b39\" data-id=\"0d77b39\" data-element_type=\"column\" data-e-type=\"column\">\n\t\t\t<div class=\"elementor-widget-wrap elementor-element-populated\">\n\t\t\t\t\t\t<div class=\"elementor-element elementor-element-f6bf527 elementor-shape-rounded elementor-grid-0 e-grid-align-center elementor-widget elementor-widget-social-icons\" data-id=\"f6bf527\" data-element_type=\"widget\" data-e-type=\"widget\" data-widget_type=\"social-icons.default\">\n\t\t\t\t<div class=\"elementor-widget-container\">\n\t\t\t\t\t\t\t<div class=\"elementor-social-icons-wrapper elementor-grid\" role=\"list\">\n\t\t\t\t\t\t\t<span class=\"elementor-grid-item\" role=\"listitem\">\n\t\t\t\t\t<a class=\"elementor-icon elementor-social-icon elementor-social-icon-twitter elementor-repeater-item-72a4736\" href=\"https:\/\/twitter.com\/galcoa_\" target=\"_blank\">\n\t\t\t\t\t\t<span class=\"elementor-screen-only\">Twitter<\/span>\n\t\t\t\t\t\t<i aria-hidden=\"true\" class=\"fab fa-twitter\"><\/i>\t\t\t\t\t<\/a>\n\t\t\t\t<\/span>\n\t\t\t\t\t\t\t<span class=\"elementor-grid-item\" role=\"listitem\">\n\t\t\t\t\t<a class=\"elementor-icon elementor-social-icon elementor-social-icon-linkedin elementor-repeater-item-e8243a8\" href=\"https:\/\/www.linkedin.com\/company\/galcoa\/%20\" target=\"_blank\">\n\t\t\t\t\t\t<span class=\"elementor-screen-only\">Linkedin<\/span>\n\t\t\t\t\t\t<i aria-hidden=\"true\" class=\"fab fa-linkedin\"><\/i>\t\t\t\t\t<\/a>\n\t\t\t\t<\/span>\n\t\t\t\t\t<\/div>\n\t\t\t\t\t\t<\/div>\n\t\t\t\t<\/div>\n\t\t\t\t\t<\/div>\n\t\t<\/div>\n\t\t\t\t\t<\/div>\n\t\t<\/section>\n\t\t\t\t<\/div>","protected":false},"excerpt":{"rendered":"<p>NUESTROS SERVICIOS Nuestro portafolio de proyectos tiene ventajas sobre otras opciones que ya existen en el pa\u00eds. Nuestro pa\u00eds es el s\u00e9ptimo consumidor en el mundo y uno de los importadores m\u00e1s relevantes de Norteam\u00e9rica, sin embargo en muchas regiones requiere aumentar la capacidad de almacenamiento de combustibles que garanticen un abasto suficiente para los [&hellip;]<\/p>\n","protected":false},"author":2,"featured_media":0,"parent":0,"menu_order":0,"comment_status":"closed","ping_status":"closed","template":"page-elementor.php","meta":{"nf_dc_page":"","footnotes":""},"class_list":["post-2420","page","type-page","status-publish","hentry"],"yoast_head":"<!-- This site is optimized with the Yoast SEO plugin v27.5 - https:\/\/yoast.com\/product\/yoast-seo-wordpress\/ -->\n<title>Galcoa Servicios - GALCOA<\/title>\n<meta name=\"robots\" content=\"index, follow, max-snippet:-1, max-image-preview:large, max-video-preview:-1\" \/>\n<link rel=\"canonical\" href=\"https:\/\/galcoa.com\/en\/galcoa-servicios\/\" \/>\n<meta property=\"og:locale\" content=\"en_US\" \/>\n<meta property=\"og:type\" content=\"article\" \/>\n<meta property=\"og:title\" content=\"Galcoa Servicios - GALCOA\" \/>\n<meta property=\"og:description\" content=\"NUESTROS SERVICIOS Nuestro portafolio de proyectos tiene ventajas sobre otras opciones que ya existen en el pa\u00eds. Nuestro pa\u00eds es el s\u00e9ptimo consumidor en el mundo y uno de los importadores m\u00e1s relevantes de Norteam\u00e9rica, sin embargo en muchas regiones requiere aumentar la capacidad de almacenamiento de combustibles que garanticen un abasto suficiente para los [&hellip;]\" \/>\n<meta property=\"og:url\" content=\"https:\/\/galcoa.com\/en\/galcoa-servicios\/\" \/>\n<meta property=\"og:site_name\" content=\"GALCOA\" \/>\n<meta property=\"article:modified_time\" content=\"2021-01-21T23:55:55+00:00\" \/>\n<meta property=\"og:image\" content=\"https:\/\/galcoa.com\/wp-content\/uploads\/elementor\/thumbs\/galca-energy-tren-2-oqfei7pr87pedqdscdq3nuy8hj6pvq2gd3688hrwl4.jpg\" \/>\n<meta name=\"twitter:card\" content=\"summary_large_image\" \/>\n<meta name=\"twitter:label1\" content=\"Est. reading time\" \/>\n\t<meta name=\"twitter:data1\" content=\"1 minute\" \/>\n<script type=\"application\/ld+json\" class=\"yoast-schema-graph\">{\"@context\":\"https:\\\/\\\/schema.org\",\"@graph\":[{\"@type\":\"WebPage\",\"@id\":\"https:\\\/\\\/galcoa.com\\\/galcoa-servicios\\\/\",\"url\":\"https:\\\/\\\/galcoa.com\\\/galcoa-servicios\\\/\",\"name\":\"Galcoa Servicios - GALCOA\",\"isPartOf\":{\"@id\":\"https:\\\/\\\/galcoa.com\\\/#website\"},\"primaryImageOfPage\":{\"@id\":\"https:\\\/\\\/galcoa.com\\\/galcoa-servicios\\\/#primaryimage\"},\"image\":{\"@id\":\"https:\\\/\\\/galcoa.com\\\/galcoa-servicios\\\/#primaryimage\"},\"thumbnailUrl\":\"https:\\\/\\\/galcoa.com\\\/wp-content\\\/uploads\\\/elementor\\\/thumbs\\\/galca-energy-tren-2-oqfei7pr87pedqdscdq3nuy8hj6pvq2gd3688hrwl4.jpg\",\"datePublished\":\"2020-04-16T14:00:55+00:00\",\"dateModified\":\"2021-01-21T23:55:55+00:00\",\"breadcrumb\":{\"@id\":\"https:\\\/\\\/galcoa.com\\\/galcoa-servicios\\\/#breadcrumb\"},\"inLanguage\":\"en-US\",\"potentialAction\":[{\"@type\":\"ReadAction\",\"target\":[\"https:\\\/\\\/galcoa.com\\\/galcoa-servicios\\\/\"]}]},{\"@type\":\"ImageObject\",\"inLanguage\":\"en-US\",\"@id\":\"https:\\\/\\\/galcoa.com\\\/galcoa-servicios\\\/#primaryimage\",\"url\":\"https:\\\/\\\/galcoa.com\\\/wp-content\\\/uploads\\\/elementor\\\/thumbs\\\/galca-energy-tren-2-oqfei7pr87pedqdscdq3nuy8hj6pvq2gd3688hrwl4.jpg\",\"contentUrl\":\"https:\\\/\\\/galcoa.com\\\/wp-content\\\/uploads\\\/elementor\\\/thumbs\\\/galca-energy-tren-2-oqfei7pr87pedqdscdq3nuy8hj6pvq2gd3688hrwl4.jpg\"},{\"@type\":\"BreadcrumbList\",\"@id\":\"https:\\\/\\\/galcoa.com\\\/galcoa-servicios\\\/#breadcrumb\",\"itemListElement\":[{\"@type\":\"ListItem\",\"position\":1,\"name\":\"Inicio\",\"item\":\"https:\\\/\\\/galcoa.com\\\/\"},{\"@type\":\"ListItem\",\"position\":2,\"name\":\"Galcoa Servicios\"}]},{\"@type\":\"WebSite\",\"@id\":\"https:\\\/\\\/galcoa.com\\\/#website\",\"url\":\"https:\\\/\\\/galcoa.com\\\/\",\"name\":\"GALCOA\",\"description\":\"\",\"potentialAction\":[{\"@type\":\"SearchAction\",\"target\":{\"@type\":\"EntryPoint\",\"urlTemplate\":\"https:\\\/\\\/galcoa.com\\\/?s={search_term_string}\"},\"query-input\":{\"@type\":\"PropertyValueSpecification\",\"valueRequired\":true,\"valueName\":\"search_term_string\"}}],\"inLanguage\":\"en-US\"}]}<\/script>\n<!-- \/ Yoast SEO plugin. -->","yoast_head_json":{"title":"Galcoa Servicios - GALCOA","robots":{"index":"index","follow":"follow","max-snippet":"max-snippet:-1","max-image-preview":"max-image-preview:large","max-video-preview":"max-video-preview:-1"},"canonical":"https:\/\/galcoa.com\/en\/galcoa-servicios\/","og_locale":"en_US","og_type":"article","og_title":"Galcoa Servicios - GALCOA","og_description":"NUESTROS SERVICIOS Nuestro portafolio de proyectos tiene ventajas sobre otras opciones que ya existen en el pa\u00eds. Nuestro pa\u00eds es el s\u00e9ptimo consumidor en el mundo y uno de los importadores m\u00e1s relevantes de Norteam\u00e9rica, sin embargo en muchas regiones requiere aumentar la capacidad de almacenamiento de combustibles que garanticen un abasto suficiente para los [&hellip;]","og_url":"https:\/\/galcoa.com\/en\/galcoa-servicios\/","og_site_name":"GALCOA","article_modified_time":"2021-01-21T23:55:55+00:00","og_image":[{"url":"https:\/\/galcoa.com\/wp-content\/uploads\/elementor\/thumbs\/galca-energy-tren-2-oqfei7pr87pedqdscdq3nuy8hj6pvq2gd3688hrwl4.jpg","type":"","width":"","height":""}],"twitter_card":"summary_large_image","twitter_misc":{"Est. reading time":"1 minute"},"schema":{"@context":"https:\/\/schema.org","@graph":[{"@type":"WebPage","@id":"https:\/\/galcoa.com\/galcoa-servicios\/","url":"https:\/\/galcoa.com\/galcoa-servicios\/","name":"Galcoa Servicios - GALCOA","isPartOf":{"@id":"https:\/\/galcoa.com\/#website"},"primaryImageOfPage":{"@id":"https:\/\/galcoa.com\/galcoa-servicios\/#primaryimage"},"image":{"@id":"https:\/\/galcoa.com\/galcoa-servicios\/#primaryimage"},"thumbnailUrl":"https:\/\/galcoa.com\/wp-content\/uploads\/elementor\/thumbs\/galca-energy-tren-2-oqfei7pr87pedqdscdq3nuy8hj6pvq2gd3688hrwl4.jpg","datePublished":"2020-04-16T14:00:55+00:00","dateModified":"2021-01-21T23:55:55+00:00","breadcrumb":{"@id":"https:\/\/galcoa.com\/galcoa-servicios\/#breadcrumb"},"inLanguage":"en-US","potentialAction":[{"@type":"ReadAction","target":["https:\/\/galcoa.com\/galcoa-servicios\/"]}]},{"@type":"ImageObject","inLanguage":"en-US","@id":"https:\/\/galcoa.com\/galcoa-servicios\/#primaryimage","url":"https:\/\/galcoa.com\/wp-content\/uploads\/elementor\/thumbs\/galca-energy-tren-2-oqfei7pr87pedqdscdq3nuy8hj6pvq2gd3688hrwl4.jpg","contentUrl":"https:\/\/galcoa.com\/wp-content\/uploads\/elementor\/thumbs\/galca-energy-tren-2-oqfei7pr87pedqdscdq3nuy8hj6pvq2gd3688hrwl4.jpg"},{"@type":"BreadcrumbList","@id":"https:\/\/galcoa.com\/galcoa-servicios\/#breadcrumb","itemListElement":[{"@type":"ListItem","position":1,"name":"Inicio","item":"https:\/\/galcoa.com\/"},{"@type":"ListItem","position":2,"name":"Galcoa Servicios"}]},{"@type":"WebSite","@id":"https:\/\/galcoa.com\/#website","url":"https:\/\/galcoa.com\/","name":"GALCOA","description":"","potentialAction":[{"@type":"SearchAction","target":{"@type":"EntryPoint","urlTemplate":"https:\/\/galcoa.com\/?s={search_term_string}"},"query-input":{"@type":"PropertyValueSpecification","valueRequired":true,"valueName":"search_term_string"}}],"inLanguage":"en-US"}]}},"_links":{"self":[{"href":"https:\/\/galcoa.com\/en\/wp-json\/wp\/v2\/pages\/2420","targetHints":{"allow":["GET"]}}],"collection":[{"href":"https:\/\/galcoa.com\/en\/wp-json\/wp\/v2\/pages"}],"about":[{"href":"https:\/\/galcoa.com\/en\/wp-json\/wp\/v2\/types\/page"}],"author":[{"embeddable":true,"href":"https:\/\/galcoa.com\/en\/wp-json\/wp\/v2\/users\/2"}],"replies":[{"embeddable":true,"href":"https:\/\/galcoa.com\/en\/wp-json\/wp\/v2\/comments?post=2420"}],"version-history":[{"count":5,"href":"https:\/\/galcoa.com\/en\/wp-json\/wp\/v2\/pages\/2420\/revisions"}],"predecessor-version":[{"id":2911,"href":"https:\/\/galcoa.com\/en\/wp-json\/wp\/v2\/pages\/2420\/revisions\/2911"}],"wp:attachment":[{"href":"https:\/\/galcoa.com\/en\/wp-json\/wp\/v2\/media?parent=2420"}],"curies":[{"name":"wp","href":"https:\/\/api.w.org\/{rel}","templated":true}]}}