{"id":2397,"date":"2020-04-14T12:51:38","date_gmt":"2020-04-14T17:51:38","guid":{"rendered":"http:\/\/galcaenergy.linkprojects.net\/?page_id=2364"},"modified":"2021-01-21T18:12:28","modified_gmt":"2021-01-22T00:12:28","slug":"galcoa-proyectos","status":"publish","type":"page","link":"https:\/\/galcoa.com\/en\/galcoa-proyectos\/","title":{"rendered":"Galcoa Proyectos"},"content":{"rendered":"<div data-elementor-type=\"wp-post\" data-elementor-id=\"2397\" class=\"elementor elementor-2397\">\n\t\t\t\t\t\t<section class=\"elementor-section elementor-top-section elementor-element elementor-element-9a4e068 elementor-section-full_width elementor-section-height-default elementor-section-height-default\" data-id=\"9a4e068\" data-element_type=\"section\" data-e-type=\"section\" data-settings=\"{&quot;background_background&quot;:&quot;classic&quot;}\">\n\t\t\t\t\t\t<div class=\"elementor-container elementor-column-gap-default\">\n\t\t\t\t\t<div class=\"elementor-column elementor-col-50 elementor-top-column elementor-element elementor-element-e7b443a\" data-id=\"e7b443a\" data-element_type=\"column\" data-e-type=\"column\" data-settings=\"{&quot;background_background&quot;:&quot;classic&quot;}\">\n\t\t\t<div class=\"elementor-widget-wrap elementor-element-populated\">\n\t\t\t\t\t\t<div class=\"elementor-element elementor-element-03f9d08 everleigh-no-bottom elementor-widget elementor-widget-heading\" data-id=\"03f9d08\" data-element_type=\"widget\" data-e-type=\"widget\" data-widget_type=\"heading.default\">\n\t\t\t\t<div class=\"elementor-widget-container\">\n\t\t\t\t\t<h1 class=\"elementor-heading-title elementor-size-default\">OUR PROJECTS<\/h1>\t\t\t\t<\/div>\n\t\t\t\t<\/div>\n\t\t\t\t<div class=\"elementor-element elementor-element-ece1c97 everleigh-no-bottom-p elementor-widget elementor-widget-text-editor\" data-id=\"ece1c97\" data-element_type=\"widget\" data-e-type=\"widget\" data-widget_type=\"text-editor.default\">\n\t\t\t\t<div class=\"elementor-widget-container\">\n\t\t\t\t\t\t\t\t\t<p>We are located in strategic areas throughout Mexico.<\/p>\t\t\t\t\t\t\t\t<\/div>\n\t\t\t\t<\/div>\n\t\t\t\t\t<\/div>\n\t\t<\/div>\n\t\t\t\t<div class=\"elementor-column elementor-col-50 elementor-top-column elementor-element elementor-element-374a788\" data-id=\"374a788\" data-element_type=\"column\" data-e-type=\"column\">\n\t\t\t<div class=\"elementor-widget-wrap\">\n\t\t\t\t\t\t\t<\/div>\n\t\t<\/div>\n\t\t\t\t\t<\/div>\n\t\t<\/section>\n\t\t\t\t<section class=\"elementor-section elementor-top-section elementor-element elementor-element-c3be30a elementor-section-full_width elementor-section-height-default elementor-section-height-default\" data-id=\"c3be30a\" data-element_type=\"section\" data-e-type=\"section\">\n\t\t\t\t\t\t<div class=\"elementor-container elementor-column-gap-wider\">\n\t\t\t\t\t<div class=\"elementor-column elementor-col-66 elementor-top-column elementor-element elementor-element-eb72ea3\" data-id=\"eb72ea3\" data-element_type=\"column\" data-e-type=\"column\">\n\t\t\t<div class=\"elementor-widget-wrap elementor-element-populated\">\n\t\t\t\t\t\t<div class=\"elementor-element elementor-element-2c22f2c elementor-widget elementor-widget-text-editor\" data-id=\"2c22f2c\" data-element_type=\"widget\" data-e-type=\"widget\" data-widget_type=\"text-editor.default\">\n\t\t\t\t<div class=\"elementor-widget-container\">\n\t\t\t\t\t\t\t\t\t<h2>Developing Locations.<\/h2>\t\t\t\t\t\t\t\t<\/div>\n\t\t\t\t<\/div>\n\t\t\t\t<div class=\"elementor-element elementor-element-f9d9c95 elementor-widget elementor-widget-image\" data-id=\"f9d9c95\" data-element_type=\"widget\" data-e-type=\"widget\" data-widget_type=\"image.default\">\n\t\t\t\t<div class=\"elementor-widget-container\">\n\t\t\t\t\t\t\t\t\t\t\t\t\t\t\t<img fetchpriority=\"high\" decoding=\"async\" width=\"895\" height=\"738\" src=\"https:\/\/galcoa.com\/wp-content\/uploads\/2020\/07\/Mapa_Galcoa.001.jpeg\" class=\"attachment-large size-large wp-image-2882\" alt=\"\" srcset=\"https:\/\/galcoa.com\/wp-content\/uploads\/2020\/07\/Mapa_Galcoa.001.jpeg 895w, https:\/\/galcoa.com\/wp-content\/uploads\/2020\/07\/Mapa_Galcoa.001-300x247.jpeg 300w, https:\/\/galcoa.com\/wp-content\/uploads\/2020\/07\/Mapa_Galcoa.001-768x633.jpeg 768w\" sizes=\"(max-width: 895px) 100vw, 895px\" \/>\t\t\t\t\t\t\t\t\t\t\t\t\t\t\t<\/div>\n\t\t\t\t<\/div>\n\t\t\t\t\t<\/div>\n\t\t<\/div>\n\t\t\t\t<div class=\"elementor-column elementor-col-33 elementor-top-column elementor-element elementor-element-39d8276\" data-id=\"39d8276\" data-element_type=\"column\" data-e-type=\"column\" data-settings=\"{&quot;background_background&quot;:&quot;classic&quot;}\">\n\t\t\t<div class=\"elementor-widget-wrap elementor-element-populated\">\n\t\t\t\t\t\t<div class=\"elementor-element elementor-element-5b9e739 elementor-widget elementor-widget-text-editor\" data-id=\"5b9e739\" data-element_type=\"widget\" data-e-type=\"widget\" data-widget_type=\"text-editor.default\">\n\t\t\t\t<div class=\"elementor-widget-container\">\n\t\t\t\t\t\t\t\t\t<h2>Assets.<\/h2><p>\u00a0<\/p><p class=\"translation-block\">Galcoa's assets are controlled in areas with high fuel demand.<\/p><p class=\"translation-block\">Most assets have access to major railroad tracks and federal highways.<\/p><p class=\"translation-block\">Some of the assets are located in the main ports of entry for refined products, this makes the asset attractive to importers by tanker.<\/p><p class=\"translation-block\">The portfolio is distributed in 14 states of the country with different degrees of competition and market opening.<\/p>\t\t\t\t\t\t\t\t<\/div>\n\t\t\t\t<\/div>\n\t\t\t\t\t<\/div>\n\t\t<\/div>\n\t\t\t\t\t<\/div>\n\t\t<\/section>\n\t\t\t\t<section class=\"elementor-section elementor-top-section elementor-element elementor-element-cb3210c elementor-section-content-top elementor-section-boxed elementor-section-height-default elementor-section-height-default\" data-id=\"cb3210c\" data-element_type=\"section\" data-e-type=\"section\" data-settings=\"{&quot;background_background&quot;:&quot;classic&quot;}\">\n\t\t\t\t\t\t<div class=\"elementor-container elementor-column-gap-default\">\n\t\t\t\t\t<div class=\"elementor-column elementor-col-33 elementor-top-column elementor-element elementor-element-2a26228\" data-id=\"2a26228\" data-element_type=\"column\" data-e-type=\"column\">\n\t\t\t<div class=\"elementor-widget-wrap elementor-element-populated\">\n\t\t\t\t\t\t<section class=\"elementor-section elementor-inner-section elementor-element elementor-element-86cca72 elementor-section-content-top elementor-section-boxed elementor-section-height-default elementor-section-height-default\" data-id=\"86cca72\" data-element_type=\"section\" data-e-type=\"section\">\n\t\t\t\t\t\t<div class=\"elementor-container elementor-column-gap-default\">\n\t\t\t\t\t<div class=\"elementor-column elementor-col-50 elementor-inner-column elementor-element elementor-element-2a17c9e\" data-id=\"2a17c9e\" data-element_type=\"column\" data-e-type=\"column\">\n\t\t\t<div class=\"elementor-widget-wrap elementor-element-populated\">\n\t\t\t\t\t\t<div class=\"elementor-element elementor-element-3f8d33f elementor-widget elementor-widget-text-editor\" data-id=\"3f8d33f\" data-element_type=\"widget\" data-e-type=\"widget\" data-widget_type=\"text-editor.default\">\n\t\t\t\t<div class=\"elementor-widget-container\">\n\t\t\t\t\t\t\t\t\t<h5><span style=\"color: #99cc00;\"><span style=\"font-size: 10pt;\">SHORTCUTS<\/span><\/span><\/h5><p><span style=\"color: #ffffff;\"><a style=\"color: #ffffff;\" href=\"https:\/\/galcoa.com\/en\/aviso-de-privacidad\/\" target=\"_blank\" rel=\"noopener\"><span style=\"font-size: 8pt;\">Privacy<\/span><\/a><\/span><\/p><p><span style=\"font-size: 8pt; color: #ffffff;\"><a style=\"color: #ffffff;\" href=\"https:\/\/galcoa.com\/en\/galcoa-nosotros\/\">Who are we?<\/a><\/span><\/p>\t\t\t\t\t\t\t\t<\/div>\n\t\t\t\t<\/div>\n\t\t\t\t\t<\/div>\n\t\t<\/div>\n\t\t\t\t<div class=\"elementor-column elementor-col-50 elementor-inner-column elementor-element elementor-element-1ffeb3f\" data-id=\"1ffeb3f\" data-element_type=\"column\" data-e-type=\"column\">\n\t\t\t<div class=\"elementor-widget-wrap elementor-element-populated\">\n\t\t\t\t\t\t<div class=\"elementor-element elementor-element-63163ee elementor-widget elementor-widget-text-editor\" data-id=\"63163ee\" data-element_type=\"widget\" data-e-type=\"widget\" data-widget_type=\"text-editor.default\">\n\t\t\t\t<div class=\"elementor-widget-container\">\n\t\t\t\t\t\t\t\t\t<h5><span style=\"color: #99cc00;\"><span style=\"font-size: 10pt;\">OTHER<\/span><span style=\"font-size: 10pt;\"> WEBSITES<\/span><\/span><\/h5><p><span style=\"color: #ffffff;\"><a style=\"color: #ffffff;\" href=\"http:\/\/galcaenergy.com\" target=\"_blank\" rel=\"noopener\"><span style=\"font-size: 8pt;\">GALCA ENERGY<\/span><\/a><\/span><\/p><p><span style=\"color: #ffffff;\"><a style=\"color: #ffffff;\" href=\"https:\/\/galcapower.com\" target=\"_blank\" rel=\"noopener\"><span style=\"font-size: 8pt;\">GALCA POWER<\/span><\/a><\/span><\/p><p><span style=\"color: #ffffff;\"><a style=\"color: #ffffff;\" href=\"http:\/\/GALCOIL.com\" target=\"_blank\" rel=\"noopener\"><span style=\"font-size: 8pt;\">GALCOIL<\/span><\/a><\/span><\/p><p><span style=\"color: #ffffff;\"><a style=\"color: #ffffff;\" href=\"https:\/\/galcaexploracionyproduccion.com\"><span style=\"font-size: 8pt;\">EXPLORACI\u00d3N Y PRODUCCI\u00d3N<\/span><\/a><\/span><\/p><p><span style=\"color: #ffffff;\"><a style=\"color: #ffffff;\" href=\"https:\/\/galcaconsulting.com\" target=\"_blank\" rel=\"noopener\"><span style=\"font-size: 8pt;\">GALCA CONSULTING<\/span><\/a><\/span><\/p>\t\t\t\t\t\t\t\t<\/div>\n\t\t\t\t<\/div>\n\t\t\t\t\t<\/div>\n\t\t<\/div>\n\t\t\t\t\t<\/div>\n\t\t<\/section>\n\t\t\t\t\t<\/div>\n\t\t<\/div>\n\t\t\t\t<div class=\"elementor-column elementor-col-33 elementor-top-column elementor-element elementor-element-3f5da67\" data-id=\"3f5da67\" data-element_type=\"column\" data-e-type=\"column\">\n\t\t\t<div class=\"elementor-widget-wrap elementor-element-populated\">\n\t\t\t\t\t\t<div class=\"elementor-element elementor-element-6853f6c elementor-hidden-desktop elementor-hidden-tablet elementor-hidden-phone elementor-widget elementor-widget-text-editor\" data-id=\"6853f6c\" data-element_type=\"widget\" data-e-type=\"widget\" data-widget_type=\"text-editor.default\">\n\t\t\t\t<div class=\"elementor-widget-container\">\n\t\t\t\t\t\t\t\t\t<p><span style=\"font-size: 8pt;\"><strong>GALCA ENERGY, S.A.P.I. DE C.V.<\/strong><\/span><br \/><span style=\"font-size: 8pt;\">HEGEL 512, COL. POLANCO V SECCI\u00d3N<\/span><br \/><span style=\"font-size: 8pt;\">ALCALD\u00cdA MIGUEL HIDALGO<\/span><br \/><span style=\"font-size: 8pt;\">CIUDAD DE M\u00c9XICO, C.P. 11550<\/span><\/p>\t\t\t\t\t\t\t\t<\/div>\n\t\t\t\t<\/div>\n\t\t\t\t\t<\/div>\n\t\t<\/div>\n\t\t\t\t<div class=\"elementor-column elementor-col-33 elementor-top-column elementor-element elementor-element-78a4c40\" data-id=\"78a4c40\" data-element_type=\"column\" data-e-type=\"column\">\n\t\t\t<div class=\"elementor-widget-wrap elementor-element-populated\">\n\t\t\t\t\t\t<div class=\"elementor-element elementor-element-771e84a elementor-shape-rounded elementor-grid-0 e-grid-align-center elementor-widget elementor-widget-social-icons\" data-id=\"771e84a\" data-element_type=\"widget\" data-e-type=\"widget\" data-widget_type=\"social-icons.default\">\n\t\t\t\t<div class=\"elementor-widget-container\">\n\t\t\t\t\t\t\t<div class=\"elementor-social-icons-wrapper elementor-grid\" role=\"list\">\n\t\t\t\t\t\t\t<span class=\"elementor-grid-item\" role=\"listitem\">\n\t\t\t\t\t<a class=\"elementor-icon elementor-social-icon elementor-social-icon-twitter elementor-repeater-item-72a4736\" href=\"https:\/\/twitter.com\/galcoa_\" target=\"_blank\">\n\t\t\t\t\t\t<span class=\"elementor-screen-only\">Twitter<\/span>\n\t\t\t\t\t\t<i aria-hidden=\"true\" class=\"fab fa-twitter\"><\/i>\t\t\t\t\t<\/a>\n\t\t\t\t<\/span>\n\t\t\t\t\t\t\t<span class=\"elementor-grid-item\" role=\"listitem\">\n\t\t\t\t\t<a class=\"elementor-icon elementor-social-icon elementor-social-icon-linkedin elementor-repeater-item-e8243a8\" href=\"https:\/\/www.linkedin.com\/company\/galcoa\/%20\" target=\"_blank\">\n\t\t\t\t\t\t<span class=\"elementor-screen-only\">Linkedin<\/span>\n\t\t\t\t\t\t<i aria-hidden=\"true\" class=\"fab fa-linkedin\"><\/i>\t\t\t\t\t<\/a>\n\t\t\t\t<\/span>\n\t\t\t\t\t<\/div>\n\t\t\t\t\t\t<\/div>\n\t\t\t\t<\/div>\n\t\t\t\t\t<\/div>\n\t\t<\/div>\n\t\t\t\t\t<\/div>\n\t\t<\/section>\n\t\t\t\t<\/div>","protected":false},"excerpt":{"rendered":"<p>NUESTROS PROYECTOS Estamos localizados en \u00e1reas estrat\u00e9gicas a lo largo de la Rep\u00fablica Mexicana. Localizaciones en Desarrollo. Activos. \u00a0 Los activos de Galcoa est\u00e1n ubicados en \u00e1reas con alta demanda de combustible. La mayor\u00eda de los activos tiene acceso a las principales v\u00edas de ferrocarril y carreteras federales. Algunos de los activos se encuentran en [&hellip;]<\/p>\n","protected":false},"author":2,"featured_media":0,"parent":0,"menu_order":0,"comment_status":"closed","ping_status":"closed","template":"page-elementor.php","meta":{"nf_dc_page":"","footnotes":""},"class_list":["post-2397","page","type-page","status-publish","hentry"],"yoast_head":"<!-- This site is optimized with the Yoast SEO plugin v27.5 - https:\/\/yoast.com\/product\/yoast-seo-wordpress\/ -->\n<title>Galcoa Proyectos - GALCOA<\/title>\n<meta name=\"robots\" content=\"index, follow, max-snippet:-1, max-image-preview:large, max-video-preview:-1\" \/>\n<link rel=\"canonical\" href=\"https:\/\/galcoa.com\/en\/galcoa-proyectos\/\" \/>\n<meta property=\"og:locale\" content=\"en_US\" \/>\n<meta property=\"og:type\" content=\"article\" \/>\n<meta property=\"og:title\" content=\"Galcoa Proyectos - GALCOA\" \/>\n<meta property=\"og:description\" content=\"NUESTROS PROYECTOS Estamos localizados en \u00e1reas estrat\u00e9gicas a lo largo de la Rep\u00fablica Mexicana. Localizaciones en Desarrollo. Activos. \u00a0 Los activos de Galcoa est\u00e1n ubicados en \u00e1reas con alta demanda de combustible. La mayor\u00eda de los activos tiene acceso a las principales v\u00edas de ferrocarril y carreteras federales. Algunos de los activos se encuentran en [&hellip;]\" \/>\n<meta property=\"og:url\" content=\"https:\/\/galcoa.com\/en\/galcoa-proyectos\/\" \/>\n<meta property=\"og:site_name\" content=\"GALCOA\" \/>\n<meta property=\"article:modified_time\" content=\"2021-01-22T00:12:28+00:00\" \/>\n<meta property=\"og:image\" content=\"https:\/\/galcoa.com\/wp-content\/uploads\/2020\/07\/Mapa_Galcoa.001.jpeg\" \/>\n<meta name=\"twitter:card\" content=\"summary_large_image\" \/>\n<meta name=\"twitter:label1\" content=\"Est. reading time\" \/>\n\t<meta name=\"twitter:data1\" content=\"1 minute\" \/>\n<script type=\"application\/ld+json\" class=\"yoast-schema-graph\">{\"@context\":\"https:\\\/\\\/schema.org\",\"@graph\":[{\"@type\":\"WebPage\",\"@id\":\"https:\\\/\\\/galcoa.com\\\/galcoa-proyectos\\\/\",\"url\":\"https:\\\/\\\/galcoa.com\\\/galcoa-proyectos\\\/\",\"name\":\"Galcoa Proyectos - GALCOA\",\"isPartOf\":{\"@id\":\"https:\\\/\\\/galcoa.com\\\/#website\"},\"primaryImageOfPage\":{\"@id\":\"https:\\\/\\\/galcoa.com\\\/galcoa-proyectos\\\/#primaryimage\"},\"image\":{\"@id\":\"https:\\\/\\\/galcoa.com\\\/galcoa-proyectos\\\/#primaryimage\"},\"thumbnailUrl\":\"https:\\\/\\\/galcoa.com\\\/wp-content\\\/uploads\\\/2020\\\/07\\\/Mapa_Galcoa.001.jpeg\",\"datePublished\":\"2020-04-14T17:51:38+00:00\",\"dateModified\":\"2021-01-22T00:12:28+00:00\",\"breadcrumb\":{\"@id\":\"https:\\\/\\\/galcoa.com\\\/galcoa-proyectos\\\/#breadcrumb\"},\"inLanguage\":\"en-US\",\"potentialAction\":[{\"@type\":\"ReadAction\",\"target\":[\"https:\\\/\\\/galcoa.com\\\/galcoa-proyectos\\\/\"]}]},{\"@type\":\"ImageObject\",\"inLanguage\":\"en-US\",\"@id\":\"https:\\\/\\\/galcoa.com\\\/galcoa-proyectos\\\/#primaryimage\",\"url\":\"https:\\\/\\\/galcoa.com\\\/wp-content\\\/uploads\\\/2020\\\/07\\\/Mapa_Galcoa.001.jpeg\",\"contentUrl\":\"https:\\\/\\\/galcoa.com\\\/wp-content\\\/uploads\\\/2020\\\/07\\\/Mapa_Galcoa.001.jpeg\"},{\"@type\":\"BreadcrumbList\",\"@id\":\"https:\\\/\\\/galcoa.com\\\/galcoa-proyectos\\\/#breadcrumb\",\"itemListElement\":[{\"@type\":\"ListItem\",\"position\":1,\"name\":\"Inicio\",\"item\":\"https:\\\/\\\/galcoa.com\\\/\"},{\"@type\":\"ListItem\",\"position\":2,\"name\":\"Galcoa Proyectos\"}]},{\"@type\":\"WebSite\",\"@id\":\"https:\\\/\\\/galcoa.com\\\/#website\",\"url\":\"https:\\\/\\\/galcoa.com\\\/\",\"name\":\"GALCOA\",\"description\":\"\",\"potentialAction\":[{\"@type\":\"SearchAction\",\"target\":{\"@type\":\"EntryPoint\",\"urlTemplate\":\"https:\\\/\\\/galcoa.com\\\/?s={search_term_string}\"},\"query-input\":{\"@type\":\"PropertyValueSpecification\",\"valueRequired\":true,\"valueName\":\"search_term_string\"}}],\"inLanguage\":\"en-US\"}]}<\/script>\n<!-- \/ Yoast SEO plugin. -->","yoast_head_json":{"title":"Galcoa Proyectos - GALCOA","robots":{"index":"index","follow":"follow","max-snippet":"max-snippet:-1","max-image-preview":"max-image-preview:large","max-video-preview":"max-video-preview:-1"},"canonical":"https:\/\/galcoa.com\/en\/galcoa-proyectos\/","og_locale":"en_US","og_type":"article","og_title":"Galcoa Proyectos - GALCOA","og_description":"NUESTROS PROYECTOS Estamos localizados en \u00e1reas estrat\u00e9gicas a lo largo de la Rep\u00fablica Mexicana. Localizaciones en Desarrollo. Activos. \u00a0 Los activos de Galcoa est\u00e1n ubicados en \u00e1reas con alta demanda de combustible. La mayor\u00eda de los activos tiene acceso a las principales v\u00edas de ferrocarril y carreteras federales. Algunos de los activos se encuentran en [&hellip;]","og_url":"https:\/\/galcoa.com\/en\/galcoa-proyectos\/","og_site_name":"GALCOA","article_modified_time":"2021-01-22T00:12:28+00:00","og_image":[{"url":"https:\/\/galcoa.com\/wp-content\/uploads\/2020\/07\/Mapa_Galcoa.001.jpeg","type":"","width":"","height":""}],"twitter_card":"summary_large_image","twitter_misc":{"Est. reading time":"1 minute"},"schema":{"@context":"https:\/\/schema.org","@graph":[{"@type":"WebPage","@id":"https:\/\/galcoa.com\/galcoa-proyectos\/","url":"https:\/\/galcoa.com\/galcoa-proyectos\/","name":"Galcoa Proyectos - GALCOA","isPartOf":{"@id":"https:\/\/galcoa.com\/#website"},"primaryImageOfPage":{"@id":"https:\/\/galcoa.com\/galcoa-proyectos\/#primaryimage"},"image":{"@id":"https:\/\/galcoa.com\/galcoa-proyectos\/#primaryimage"},"thumbnailUrl":"https:\/\/galcoa.com\/wp-content\/uploads\/2020\/07\/Mapa_Galcoa.001.jpeg","datePublished":"2020-04-14T17:51:38+00:00","dateModified":"2021-01-22T00:12:28+00:00","breadcrumb":{"@id":"https:\/\/galcoa.com\/galcoa-proyectos\/#breadcrumb"},"inLanguage":"en-US","potentialAction":[{"@type":"ReadAction","target":["https:\/\/galcoa.com\/galcoa-proyectos\/"]}]},{"@type":"ImageObject","inLanguage":"en-US","@id":"https:\/\/galcoa.com\/galcoa-proyectos\/#primaryimage","url":"https:\/\/galcoa.com\/wp-content\/uploads\/2020\/07\/Mapa_Galcoa.001.jpeg","contentUrl":"https:\/\/galcoa.com\/wp-content\/uploads\/2020\/07\/Mapa_Galcoa.001.jpeg"},{"@type":"BreadcrumbList","@id":"https:\/\/galcoa.com\/galcoa-proyectos\/#breadcrumb","itemListElement":[{"@type":"ListItem","position":1,"name":"Inicio","item":"https:\/\/galcoa.com\/"},{"@type":"ListItem","position":2,"name":"Galcoa Proyectos"}]},{"@type":"WebSite","@id":"https:\/\/galcoa.com\/#website","url":"https:\/\/galcoa.com\/","name":"GALCOA","description":"","potentialAction":[{"@type":"SearchAction","target":{"@type":"EntryPoint","urlTemplate":"https:\/\/galcoa.com\/?s={search_term_string}"},"query-input":{"@type":"PropertyValueSpecification","valueRequired":true,"valueName":"search_term_string"}}],"inLanguage":"en-US"}]}},"_links":{"self":[{"href":"https:\/\/galcoa.com\/en\/wp-json\/wp\/v2\/pages\/2397","targetHints":{"allow":["GET"]}}],"collection":[{"href":"https:\/\/galcoa.com\/en\/wp-json\/wp\/v2\/pages"}],"about":[{"href":"https:\/\/galcoa.com\/en\/wp-json\/wp\/v2\/types\/page"}],"author":[{"embeddable":true,"href":"https:\/\/galcoa.com\/en\/wp-json\/wp\/v2\/users\/2"}],"replies":[{"embeddable":true,"href":"https:\/\/galcoa.com\/en\/wp-json\/wp\/v2\/comments?post=2397"}],"version-history":[{"count":5,"href":"https:\/\/galcoa.com\/en\/wp-json\/wp\/v2\/pages\/2397\/revisions"}],"predecessor-version":[{"id":2922,"href":"https:\/\/galcoa.com\/en\/wp-json\/wp\/v2\/pages\/2397\/revisions\/2922"}],"wp:attachment":[{"href":"https:\/\/galcoa.com\/en\/wp-json\/wp\/v2\/media?parent=2397"}],"curies":[{"name":"wp","href":"https:\/\/api.w.org\/{rel}","templated":true}]}}